{"id":575,"date":"2017-07-24T10:24:50","date_gmt":"2017-07-24T08:24:50","guid":{"rendered":"http:\/\/www.ludwig-thoma-musikanten.de\/?page_id=575"},"modified":"2018-05-21T09:44:10","modified_gmt":"2018-05-21T07:44:10","slug":"news","status":"publish","type":"page","link":"https:\/\/www.ludwig-thoma-musikanten.de\/index.php\/news\/","title":{"rendered":"News"},"content":{"rendered":"\n\n<div class=\"su-posts su-posts-default-loop \">\n\n\t\n\t\t\t\t\t\n\t\t\t\n\t\t\t<div id=\"su-post-3052\" class=\"su-post \">\n\n\t\t\t\t\n\t\t\t\t<h2 class=\"su-post-title\"><a href=\"https:\/\/www.ludwig-thoma-musikanten.de\/index.php\/2026\/02\/27\/alea-iacta-est-wir-sind-wieder-auf-der-wiesn\/\">ALEA IACTA EST \u2013 WIR SIND WIEDER AUF DER WIESN<\/a><\/h2>\n\n\t\t\t\t<div class=\"su-post-meta\">\n\t\t\t\t\tVer\u00f6ffentlicht: 27. Februar 2026\t\t\t\t<\/div>\n\n\t\t\t\t<div class=\"su-post-excerpt\">\n\t\t\t\t\t<p>ALEA IACTA EST &#8211; WIR SIND WIEDER AUF DER WIESN!!! Als Familie Hernek haben wir geschafft, was unseres Wissens bisher noch niemand zuvor erreicht hat: Wir, Rainer Hernek &amp; Die Ludwig Thoma Musikanten Oktoberfestkapelle GbR, sind als erstes Blasorchester wieder zur\u00fcck auf der Wiesn. Ab dem Oktoberfest 2026 sind wir die originale Oktoberfestkapelle im Paulaner&hellip; <\/p>\n\t\t\t\t<\/div>\n\n\t\t\t\t\n\t\t\t<\/div>\n\n\t\t\t\t\t\n\t\t\t\n\t\t\t<div id=\"su-post-3018\" class=\"su-post \">\n\n\t\t\t\t\n\t\t\t\t<h2 class=\"su-post-title\"><a href=\"https:\/\/www.ludwig-thoma-musikanten.de\/index.php\/2026\/02\/26\/startklar-fuer-die-neue-saison\/\">Startklar f\u00fcr die neue Saison!<\/a><\/h2>\n\n\t\t\t\t<div class=\"su-post-meta\">\n\t\t\t\t\tVer\u00f6ffentlicht: 26. Februar 2026\t\t\t\t<\/div>\n\n\t\t\t\t<div class=\"su-post-excerpt\">\n\t\t\t\t\t<p>Startklar f\u00fcr die neue Saison! W\u00e4hrend der Wintermonate haben wir die Zeit intensiv genutzt, um uns bestm\u00f6glich auf die neue Saison vorzubereiten \u2013 mit vielen Proben, Planungen und frischen Ideen. Jetzt freuen wir uns, endlich wieder auf der B\u00fchne zu stehen! Unser Auftakt f\u00fchrt uns gleich zu einigen besonderen Anl\u00e4ssen: Starkbierfest Landshut\u00a0im Festzelt Franz Widmann&hellip; <\/p>\n\t\t\t\t<\/div>\n\n\t\t\t\t\n\t\t\t<\/div>\n\n\t\t\t\t\t\n\t\t\t\n\t\t\t<div id=\"su-post-2969\" class=\"su-post \">\n\n\t\t\t\t\n\t\t\t\t<h2 class=\"su-post-title\"><a href=\"https:\/\/www.ludwig-thoma-musikanten.de\/index.php\/2025\/09\/24\/%f0%9f%8e%89-saison-2025-was-fuer-ein-sommer\/\">\ud83c\udf89 Saison 2025 \u2013 Was f\u00fcr ein Sommer!<\/a><\/h2>\n\n\t\t\t\t<div class=\"su-post-meta\">\n\t\t\t\t\tVer\u00f6ffentlicht: 24. September 2025\t\t\t\t<\/div>\n\n\t\t\t\t<div class=\"su-post-excerpt\">\n\t\t\t\t\t<p>Unz\u00e4hlige Stunden voller Musik, Emotionen und gro\u00dfartiger Stimmung liegen hinter uns \u2013 und wir sind einfach nur\u00a0dankbar! Von der Spessartfestwoche in Lohr \u00fcber das Volksfest in Dachau bis hin zum legend\u00e4ren Barthelmarkt in Oberstimm und dem Freisinger Volksfest:\u00a0Ihr habt mit uns gefeiert, getanzt und jede B\u00fchne zum Beben gebracht!\u00a0\ud83d\ude4c<\/p>\n<p>Nat\u00fcrlich ist die Saison noch nicht ganz vorbei \u2013 ein paar Highlights stehen noch auf dem Programm und wir freuen uns riesig auf alles, was noch kommt. Aber schon jetzt blicken wir mit einem breiten Grinsen auf eine\u00a0unglaubliche Zeit voller unvergesslicher Momente\u00a0zur\u00fcck.<\/p>\n<p>\ud83d\udca5 Ob G\u00e4nsehaut-Momente auf der B\u00fchne, spontane Begegnungen im Festzelt oder einfach diese besondere Energie im Publikum \u2013 wir nehmen so viele sch\u00f6ne Erinnerungen mit!<\/p>\n<p>\ud83d\udcf8 Ihr wollt nochmal eintauchen? Dann schaut unbedingt auf\u00a0Facebook\u00a0und\u00a0Instagram\u00a0vorbei: Dort findet ihr jede Menge Bilder, Videos, Behind-the-Scenes-Schnappsch\u00fcsse und echte Emotionen direkt vom Geschehen!<\/p>\n<p>\ud83d\udc49 Wir sagen von Herzen\u00a0DANKE\u00a0\u2013 f\u00fcr euren Support, eure Energie und daf\u00fcr, dass ihr diesen Sommer so besonders gemacht habt.<br \/>\nBleibt dran, bleibt laut \u2013 wir sehen uns auf den letzten Auftritten dieser Saison oder sp\u00e4testens im n\u00e4chsten Jahr. \ud83d\udc9b\ud83c\udfb6<\/p>\n\t\t\t\t<\/div>\n\n\t\t\t\t\n\t\t\t<\/div>\n\n\t\t\n\t\n<\/div>\n\n<div class=\"su-row\"><div class=\"su-column su-column-size-1-1\"><div class=\"su-column-inner su-u-clearfix su-u-trim\">\n<h2>Unsere Partner<\/h2>\n<div class=\"tcls-wrap\"><div id=\"tc-logo\" class=\"owl-carousel owl-theme\"><div class=\"item\"><a href=\"https:\/\/naehatelier-tribanek.de\"><img decoding=\"async\" src=\"https:\/\/www.ludwig-thoma-musikanten.de\/ltm\/wp-content\/uploads\/2021\/06\/Partner_0007_Naehatelier-Tribanek.jpg\" alt=\"\" \/><img decoding=\"async\" src=\"https:\/\/www.ludwig-thoma-musikanten.de\/ltm\/wp-content\/uploads\/2021\/06\/Partner_0007_Naehatelier-Tribanek.jpg\" alt=\"\" \/><\/a><\/div><div class=\"item\"><a href=\"http:\/\/www.gasthaus-liegsalz.de\"><img decoding=\"async\" src=\"https:\/\/www.ludwig-thoma-musikanten.de\/ltm\/wp-content\/uploads\/2021\/06\/Partner_0005_Gasthof-Liegsalz.jpg\" alt=\"\" \/><img decoding=\"async\" src=\"https:\/\/www.ludwig-thoma-musikanten.de\/ltm\/wp-content\/uploads\/2021\/06\/Partner_0005_Gasthof-Liegsalz.jpg\" alt=\"\" \/><\/a><\/div><div class=\"item\"><a href=\"https:\/\/www.dachau.de\"><img decoding=\"async\" src=\"https:\/\/www.ludwig-thoma-musikanten.de\/ltm\/wp-content\/uploads\/2021\/06\/Partner_0004_Dachau.jpg\" alt=\"\" \/><img decoding=\"async\" src=\"https:\/\/www.ludwig-thoma-musikanten.de\/ltm\/wp-content\/uploads\/2021\/06\/Partner_0004_Dachau.jpg\" alt=\"\" \/><\/a><\/div><div class=\"item\"><a href=\"https:\/\/spielmannszug-borsum.de\"><img decoding=\"async\" src=\"https:\/\/www.ludwig-thoma-musikanten.de\/ltm\/wp-content\/uploads\/2021\/06\/Partner_0003_Borsum.jpg\" alt=\"\" \/><img decoding=\"async\" src=\"https:\/\/www.ludwig-thoma-musikanten.de\/ltm\/wp-content\/uploads\/2021\/06\/Partner_0003_Borsum.jpg\" alt=\"\" \/><\/a><\/div><div class=\"item\"><a href=\"https:\/\/www.b-o-e.de\"><img decoding=\"async\" src=\"https:\/\/www.ludwig-thoma-musikanten.de\/ltm\/wp-content\/uploads\/2021\/06\/Partner_0002_BOE.jpg\" alt=\"\" \/><img decoding=\"async\" src=\"https:\/\/www.ludwig-thoma-musikanten.de\/ltm\/wp-content\/uploads\/2021\/06\/Partner_0002_BOE.jpg\" alt=\"\" \/><\/a><\/div><div class=\"item\"><a href=\"https:\/\/www.festzeltbrandl.de\"><img decoding=\"async\" src=\"https:\/\/www.ludwig-thoma-musikanten.de\/ltm\/wp-content\/uploads\/2021\/06\/Partner_0001_FestzelteBrandl.jpg\" alt=\"\" \/><img decoding=\"async\" src=\"https:\/\/www.ludwig-thoma-musikanten.de\/ltm\/wp-content\/uploads\/2021\/06\/Partner_0001_FestzelteBrandl.jpg\" alt=\"\" \/><\/a><\/div><div class=\"item\"><a href=\"http:\/\/manyana.de\/\"><img decoding=\"async\" src=\"https:\/\/www.ludwig-thoma-musikanten.de\/ltm\/wp-content\/uploads\/2021\/06\/Partner_0000_Manyana.jpg\" alt=\"\" \/><img decoding=\"async\" src=\"https:\/\/www.ludwig-thoma-musikanten.de\/ltm\/wp-content\/uploads\/2021\/06\/Partner_0000_Manyana.jpg\" alt=\"\" \/><\/a><\/div><div class=\"item\"><a href=\"http:\/\/www.einfach-guad.de\/\"><img decoding=\"async\" src=\"https:\/\/www.ludwig-thoma-musikanten.de\/ltm\/wp-content\/uploads\/2017\/06\/MetzgerBraun.jpg\" alt=\"\" \/><img decoding=\"async\" src=\"https:\/\/www.ludwig-thoma-musikanten.de\/ltm\/wp-content\/uploads\/2017\/06\/MetzgerBraun.jpg\" alt=\"\" \/><\/a><\/div><div class=\"item\"><a href=\"http:\/\/musik-kain.de\/\"><img decoding=\"async\" src=\"https:\/\/www.ludwig-thoma-musikanten.de\/ltm\/wp-content\/uploads\/2017\/06\/HubertKain.jpg\" alt=\"\" \/><img decoding=\"async\" src=\"https:\/\/www.ludwig-thoma-musikanten.de\/ltm\/wp-content\/uploads\/2017\/06\/HubertKain.jpg\" alt=\"\" \/><\/a><\/div><div class=\"item\"><a href=\"http:\/\/www.burschenverein-taufkirchen.de\/Burschenverein_Taufkirchen_e.V.\/News\/News.html\"><img decoding=\"async\" src=\"https:\/\/www.ludwig-thoma-musikanten.de\/ltm\/wp-content\/uploads\/2017\/06\/BurschenTaufkirchen.jpg\" alt=\"\" \/><img decoding=\"async\" src=\"https:\/\/www.ludwig-thoma-musikanten.de\/ltm\/wp-content\/uploads\/2017\/06\/BurschenTaufkirchen.jpg\" alt=\"\" \/><\/a><\/div><div class=\"item\"><a href=\"http:\/\/www.greiner-festzelt.de\/index2017.html\"><img decoding=\"async\" src=\"https:\/\/www.ludwig-thoma-musikanten.de\/ltm\/wp-content\/uploads\/2017\/06\/FesthalleGreiner.jpg\" alt=\"\" \/><img decoding=\"async\" src=\"https:\/\/www.ludwig-thoma-musikanten.de\/ltm\/wp-content\/uploads\/2017\/06\/FesthalleGreiner.jpg\" alt=\"\" \/><\/a><\/div><div class=\"item\"><a href=\"http:\/\/www.lanzl-festzelt.de\/cms\/front_content.php\"><img decoding=\"async\" src=\"https:\/\/www.ludwig-thoma-musikanten.de\/ltm\/wp-content\/uploads\/2017\/06\/Lanzl.jpg\" alt=\"\" \/><img decoding=\"async\" src=\"https:\/\/www.ludwig-thoma-musikanten.de\/ltm\/wp-content\/uploads\/2017\/06\/Lanzl.jpg\" alt=\"\" \/><\/a><\/div><div class=\"item\"><a href=\"http:\/\/www.franz-widmann.de\/startseite\/index.php\"><img decoding=\"async\" src=\"https:\/\/www.ludwig-thoma-musikanten.de\/ltm\/wp-content\/uploads\/2017\/06\/Widmann.jpg\" alt=\"\" \/><img decoding=\"async\" src=\"https:\/\/www.ludwig-thoma-musikanten.de\/ltm\/wp-content\/uploads\/2017\/06\/Widmann.jpg\" alt=\"\" \/><\/a><\/div><div class=\"item\"><a href=\"http:\/\/www.gasthaus-3rosen.de\/\"><img decoding=\"async\" src=\"https:\/\/www.ludwig-thoma-musikanten.de\/ltm\/wp-content\/uploads\/2017\/06\/3Rosen.jpg\" alt=\"\" \/><img decoding=\"async\" src=\"https:\/\/www.ludwig-thoma-musikanten.de\/ltm\/wp-content\/uploads\/2017\/06\/3Rosen.jpg\" alt=\"\" \/><\/a><\/div><div class=\"item\"><a href=\"http:\/\/www.protutti.com\/firmen\/Weitere\/Hotel-Fischer\/de\/1-restaurant.php\"><img decoding=\"async\" src=\"https:\/\/www.ludwig-thoma-musikanten.de\/ltm\/wp-content\/uploads\/2017\/06\/Fischer.jpg\" alt=\"\" \/><img decoding=\"async\" src=\"https:\/\/www.ludwig-thoma-musikanten.de\/ltm\/wp-content\/uploads\/2017\/06\/Fischer.jpg\" alt=\"\" \/><\/a><\/div><div class=\"item\"><a href=\"http:\/\/www.hotel-gasthof-gross.de\/\"><img decoding=\"async\" src=\"https:\/\/www.ludwig-thoma-musikanten.de\/ltm\/wp-content\/uploads\/2017\/06\/GasthofGross.jpg\" alt=\"\" \/><img decoding=\"async\" src=\"https:\/\/www.ludwig-thoma-musikanten.de\/ltm\/wp-content\/uploads\/2017\/06\/GasthofGross.jpg\" alt=\"\" \/><\/a><\/div><div class=\"item\"><a href=\"https:\/\/www.hacker-pschorr.com\/\"><img decoding=\"async\" src=\"https:\/\/www.ludwig-thoma-musikanten.de\/ltm\/wp-content\/uploads\/2017\/06\/Hacker.jpg\" alt=\"\" \/><img decoding=\"async\" src=\"https:\/\/www.ludwig-thoma-musikanten.de\/ltm\/wp-content\/uploads\/2017\/06\/Hacker.jpg\" alt=\"\" \/><\/a><\/div><div class=\"item\"><a href=\"https:\/\/www.die-egerlaender.de\/\"><img decoding=\"async\" src=\"https:\/\/www.ludwig-thoma-musikanten.de\/ltm\/wp-content\/uploads\/2017\/06\/Egerlaender.jpg\" alt=\"\" \/><img decoding=\"async\" src=\"https:\/\/www.ludwig-thoma-musikanten.de\/ltm\/wp-content\/uploads\/2017\/06\/Egerlaender.jpg\" alt=\"\" \/><\/a><\/div><div class=\"item\"><a href=\"http:\/\/www.trachten-poellmann.de\/Gruss_Gott\/Wir_uber_uns\/wir_uber_uns.html\"><img decoding=\"async\" src=\"https:\/\/www.ludwig-thoma-musikanten.de\/ltm\/wp-content\/uploads\/2017\/06\/Poellmann.jpg\" alt=\"\" \/><img decoding=\"async\" src=\"https:\/\/www.ludwig-thoma-musikanten.de\/ltm\/wp-content\/uploads\/2017\/06\/Poellmann.jpg\" alt=\"\" \/><\/a><\/div><\/div><\/div><\/div><\/div> <\/div>\n","protected":false},"excerpt":{"rendered":"","protected":false},"author":1,"featured_media":0,"parent":0,"menu_order":0,"comment_status":"closed","ping_status":"closed","template":"","meta":{"footnotes":""},"class_list":["post-575","page","type-page","status-publish","hentry"],"_links":{"self":[{"href":"https:\/\/www.ludwig-thoma-musikanten.de\/index.php\/wp-json\/wp\/v2\/pages\/575","targetHints":{"allow":["GET"]}}],"collection":[{"href":"https:\/\/www.ludwig-thoma-musikanten.de\/index.php\/wp-json\/wp\/v2\/pages"}],"about":[{"href":"https:\/\/www.ludwig-thoma-musikanten.de\/index.php\/wp-json\/wp\/v2\/types\/page"}],"author":[{"embeddable":true,"href":"https:\/\/www.ludwig-thoma-musikanten.de\/index.php\/wp-json\/wp\/v2\/users\/1"}],"replies":[{"embeddable":true,"href":"https:\/\/www.ludwig-thoma-musikanten.de\/index.php\/wp-json\/wp\/v2\/comments?post=575"}],"version-history":[{"count":4,"href":"https:\/\/www.ludwig-thoma-musikanten.de\/index.php\/wp-json\/wp\/v2\/pages\/575\/revisions"}],"predecessor-version":[{"id":581,"href":"https:\/\/www.ludwig-thoma-musikanten.de\/index.php\/wp-json\/wp\/v2\/pages\/575\/revisions\/581"}],"wp:attachment":[{"href":"https:\/\/www.ludwig-thoma-musikanten.de\/index.php\/wp-json\/wp\/v2\/media?parent=575"}],"curies":[{"name":"wp","href":"https:\/\/api.w.org\/{rel}","templated":true}]}}