{"id":5,"date":"2017-06-04T09:47:00","date_gmt":"2017-06-04T07:47:00","guid":{"rendered":"http:\/\/www.ludwig-thoma-musikanten.de\/ltm\/?page_id=5"},"modified":"2025-04-25T13:41:49","modified_gmt":"2025-04-25T11:41:49","slug":"die-erfolgsstory","status":"publish","type":"page","link":"https:\/\/www.ludwig-thoma-musikanten.de\/index.php\/die-erfolgsstory\/","title":{"rendered":"Die Erfolgsstory"},"content":{"rendered":"\t\t<div data-elementor-type=\"wp-page\" data-elementor-id=\"5\" class=\"elementor elementor-5\" data-elementor-post-type=\"page\">\n\t\t\t\t<div data-particle_enable=\"false\" data-particle-mobile-disabled=\"false\" class=\"elementor-element elementor-element-55a976d1 e-con-full e-flex e-con e-parent\" data-id=\"55a976d1\" data-element_type=\"container\" data-e-type=\"container\">\n\t\t\t\t<div class=\"elementor-element elementor-element-4790ace8 elementor-widget elementor-widget-text-editor\" data-id=\"4790ace8\" data-element_type=\"widget\" data-e-type=\"widget\" data-widget_type=\"text-editor.default\">\n\t\t\t\t\t\t\t\t\t<p><div class=\"su-row\"><div class=\"su-column su-column-size-2-3\"><div class=\"su-column-inner su-u-clearfix su-u-trim\"><\/p><p><img fetchpriority=\"high\" decoding=\"async\" class=\"alignleft size-full wp-image-16\" src=\"https:\/\/www.ludwig-thoma-musikanten.de\/ltm\/wp-content\/uploads\/2017\/06\/Logo_LudwigThoma.jpg\" alt=\"\" width=\"675\" height=\"145\" srcset=\"https:\/\/www.ludwig-thoma-musikanten.de\/ltm\/wp-content\/uploads\/2017\/06\/Logo_LudwigThoma.jpg 675w, https:\/\/www.ludwig-thoma-musikanten.de\/ltm\/wp-content\/uploads\/2017\/06\/Logo_LudwigThoma-300x64.jpg 300w\" sizes=\"(max-width: 675px) 100vw, 675px\" \/><br \/><div class=\"su-spacer\" style=\"height:10px\"><\/div><span class=\"su-dropcap su-dropcap-style-simple\" style=\"font-size:2.5em\">D<\/span>as Orchester wurde im Jahr 1963 von jungen Musikern gegr\u00fcndet, die der Knabenkapelle Dachau entwachsen waren. Sie baten den ehemaligen Milit\u00e4rmusiker, Herrn Leo Flierl, die Leitung der Kapelle zu \u00fcbernehmen. Da sich damals die \u201eDachauer Blaskapelle\u201c quasi aufgel\u00f6st hatte, trat man die direkte Nachfolge an.<\/p><p>Im Jahr 1972 \u00fcbertrug Herr Flierl die Leitung an seinen Klarinettisten, Fred Geisser. Fred Geisser schaffte es, direkt im gleichen Jahr, in die Champions League der Blasmusik, n\u00e4mlich als Festkapelle der Pschorr-Br\u00e4urosl auf das M\u00fcnchner Oktoberfest. Durch sein ausgeglichenes Wesen und sein \u201eGesp\u00fcr\u201c f\u00fcr das Publikum konnte er die Kapelle dort langj\u00e4hrig platzieren. 1978 wurde dem Orchester der Name \u201eLudwig Thoma Musikanten\u201c gegeben und zu einer wirklich etablierten Marke gemacht.<\/p><p>Nach dem Oktoberfest 2013 \u00fcbertr\u00e4gt Fred Geisser die Leitung der Kapelle und somit ein schwerwiegendes Erbe an seinen langj\u00e4hrigen Posaunisten, Rainer Hernek, der selbst seit 1989 Stamm-Musiker der Ludwig Thoma Musikanten ist und die Gepflogenheiten der Pschorr-Br\u00e4urosl sehr gut kennt, da er selbst aus der Dachauer Knabenkapelle kommt und 1978 erstmals in der Pschorr-Br\u00e4urosl auftreten durfte.<\/p><p>Wegen der Corona-Pandemie gab die Festwirtsfamilie Heide unsere traditionsreiche Pschorr-Br\u00e4urosl auf.\u00a0Im Zuge des Wechsels wurde ein neuer Festwirt gefunden, der f\u00fcr die Pschorr-Br\u00e4urosl ein anderes Konzept vorgesehen hat. Leider war in diesem neuen Konzept f\u00fcr uns als Festkapelle und Wiesnband kein Platz mehr. So endet nach 49 erfolgreichen Jahren unsere musikalische Zeit in der Br\u00e4urosl.<\/p><p>Wir blicken dankbar auf fast f\u00fcnf Jahrzehnte zur\u00fcck, in denen wir die Br\u00e4urosl mit unserer Musik begleiten durften. Unser diesbez\u00fcgliches Motto lautet: Kommt Zeit, kommt Rat.<\/p><p>Wir freuen uns auf neue musikalische Wege und Herausforderungen, die vor uns liegen.<\/p><p><\/div><\/div><div class=\"su-column su-column-size-1-3\"><div class=\"su-column-inner su-u-clearfix su-u-trim\"><\/p><figure id=\"attachment_80\" aria-describedby=\"caption-attachment-80\" style=\"width: 650px\" class=\"wp-caption alignleft\"><img decoding=\"async\" class=\"wp-image-80 size-full\" src=\"https:\/\/www.ludwig-thoma-musikanten.de\/ltm\/wp-content\/uploads\/2017\/06\/Taktstock.jpg\" alt=\"\" width=\"650\" height=\"975\" srcset=\"https:\/\/www.ludwig-thoma-musikanten.de\/ltm\/wp-content\/uploads\/2017\/06\/Taktstock.jpg 650w, https:\/\/www.ludwig-thoma-musikanten.de\/ltm\/wp-content\/uploads\/2017\/06\/Taktstock-200x300.jpg 200w, https:\/\/www.ludwig-thoma-musikanten.de\/ltm\/wp-content\/uploads\/2017\/06\/Taktstock-500x750.jpg 500w\" sizes=\"(max-width: 650px) 100vw, 650px\" \/><figcaption id=\"caption-attachment-80\" class=\"wp-caption-text\">Taktstock\u00fcbergabe &#8211; Fred Geisser &amp; Rainer Hernek<\/figcaption><\/figure><p><\/div><\/div> <\/div><\/p><p><div class=\"su-row\"><div class=\"su-column su-column-size-1-1\"><div class=\"su-column-inner su-u-clearfix su-u-trim\"><\/p><h2>Unsere Partner<\/h2><p><div class=\"tcls-wrap\"><div id=\"tc-logo\" class=\"owl-carousel owl-theme\"><div class=\"item\"><a href=\"https:\/\/naehatelier-tribanek.de\"><img decoding=\"async\" src=\"https:\/\/www.ludwig-thoma-musikanten.de\/ltm\/wp-content\/uploads\/2021\/06\/Partner_0007_Naehatelier-Tribanek.jpg\" alt=\"\" \/><img decoding=\"async\" src=\"https:\/\/www.ludwig-thoma-musikanten.de\/ltm\/wp-content\/uploads\/2021\/06\/Partner_0007_Naehatelier-Tribanek.jpg\" alt=\"\" \/><\/a><\/div><div class=\"item\"><a href=\"http:\/\/www.gasthaus-liegsalz.de\"><img decoding=\"async\" src=\"https:\/\/www.ludwig-thoma-musikanten.de\/ltm\/wp-content\/uploads\/2021\/06\/Partner_0005_Gasthof-Liegsalz.jpg\" alt=\"\" \/><img decoding=\"async\" src=\"https:\/\/www.ludwig-thoma-musikanten.de\/ltm\/wp-content\/uploads\/2021\/06\/Partner_0005_Gasthof-Liegsalz.jpg\" alt=\"\" \/><\/a><\/div><div class=\"item\"><a href=\"https:\/\/www.dachau.de\"><img decoding=\"async\" src=\"https:\/\/www.ludwig-thoma-musikanten.de\/ltm\/wp-content\/uploads\/2021\/06\/Partner_0004_Dachau.jpg\" alt=\"\" \/><img decoding=\"async\" src=\"https:\/\/www.ludwig-thoma-musikanten.de\/ltm\/wp-content\/uploads\/2021\/06\/Partner_0004_Dachau.jpg\" alt=\"\" \/><\/a><\/div><div class=\"item\"><a href=\"https:\/\/spielmannszug-borsum.de\"><img decoding=\"async\" src=\"https:\/\/www.ludwig-thoma-musikanten.de\/ltm\/wp-content\/uploads\/2021\/06\/Partner_0003_Borsum.jpg\" alt=\"\" \/><img decoding=\"async\" src=\"https:\/\/www.ludwig-thoma-musikanten.de\/ltm\/wp-content\/uploads\/2021\/06\/Partner_0003_Borsum.jpg\" alt=\"\" \/><\/a><\/div><div class=\"item\"><a href=\"https:\/\/www.b-o-e.de\"><img decoding=\"async\" src=\"https:\/\/www.ludwig-thoma-musikanten.de\/ltm\/wp-content\/uploads\/2021\/06\/Partner_0002_BOE.jpg\" alt=\"\" \/><img decoding=\"async\" src=\"https:\/\/www.ludwig-thoma-musikanten.de\/ltm\/wp-content\/uploads\/2021\/06\/Partner_0002_BOE.jpg\" alt=\"\" \/><\/a><\/div><div class=\"item\"><a href=\"https:\/\/www.festzeltbrandl.de\"><img decoding=\"async\" src=\"https:\/\/www.ludwig-thoma-musikanten.de\/ltm\/wp-content\/uploads\/2021\/06\/Partner_0001_FestzelteBrandl.jpg\" alt=\"\" \/><img decoding=\"async\" src=\"https:\/\/www.ludwig-thoma-musikanten.de\/ltm\/wp-content\/uploads\/2021\/06\/Partner_0001_FestzelteBrandl.jpg\" alt=\"\" \/><\/a><\/div><div class=\"item\"><a href=\"http:\/\/manyana.de\/\"><img decoding=\"async\" src=\"https:\/\/www.ludwig-thoma-musikanten.de\/ltm\/wp-content\/uploads\/2021\/06\/Partner_0000_Manyana.jpg\" alt=\"\" \/><img decoding=\"async\" src=\"https:\/\/www.ludwig-thoma-musikanten.de\/ltm\/wp-content\/uploads\/2021\/06\/Partner_0000_Manyana.jpg\" alt=\"\" \/><\/a><\/div><div class=\"item\"><a href=\"http:\/\/www.einfach-guad.de\/\"><img decoding=\"async\" src=\"https:\/\/www.ludwig-thoma-musikanten.de\/ltm\/wp-content\/uploads\/2017\/06\/MetzgerBraun.jpg\" alt=\"\" \/><img decoding=\"async\" src=\"https:\/\/www.ludwig-thoma-musikanten.de\/ltm\/wp-content\/uploads\/2017\/06\/MetzgerBraun.jpg\" alt=\"\" \/><\/a><\/div><div class=\"item\"><a href=\"http:\/\/musik-kain.de\/\"><img decoding=\"async\" src=\"https:\/\/www.ludwig-thoma-musikanten.de\/ltm\/wp-content\/uploads\/2017\/06\/HubertKain.jpg\" alt=\"\" \/><img decoding=\"async\" src=\"https:\/\/www.ludwig-thoma-musikanten.de\/ltm\/wp-content\/uploads\/2017\/06\/HubertKain.jpg\" alt=\"\" \/><\/a><\/div><div class=\"item\"><a href=\"http:\/\/www.burschenverein-taufkirchen.de\/Burschenverein_Taufkirchen_e.V.\/News\/News.html\"><img decoding=\"async\" src=\"https:\/\/www.ludwig-thoma-musikanten.de\/ltm\/wp-content\/uploads\/2017\/06\/BurschenTaufkirchen.jpg\" alt=\"\" \/><img decoding=\"async\" src=\"https:\/\/www.ludwig-thoma-musikanten.de\/ltm\/wp-content\/uploads\/2017\/06\/BurschenTaufkirchen.jpg\" alt=\"\" \/><\/a><\/div><div class=\"item\"><a href=\"http:\/\/www.greiner-festzelt.de\/index2017.html\"><img decoding=\"async\" src=\"https:\/\/www.ludwig-thoma-musikanten.de\/ltm\/wp-content\/uploads\/2017\/06\/FesthalleGreiner.jpg\" alt=\"\" \/><img decoding=\"async\" src=\"https:\/\/www.ludwig-thoma-musikanten.de\/ltm\/wp-content\/uploads\/2017\/06\/FesthalleGreiner.jpg\" alt=\"\" \/><\/a><\/div><div class=\"item\"><a href=\"http:\/\/www.lanzl-festzelt.de\/cms\/front_content.php\"><img decoding=\"async\" src=\"https:\/\/www.ludwig-thoma-musikanten.de\/ltm\/wp-content\/uploads\/2017\/06\/Lanzl.jpg\" alt=\"\" \/><img decoding=\"async\" src=\"https:\/\/www.ludwig-thoma-musikanten.de\/ltm\/wp-content\/uploads\/2017\/06\/Lanzl.jpg\" alt=\"\" \/><\/a><\/div><div class=\"item\"><a href=\"http:\/\/www.franz-widmann.de\/startseite\/index.php\"><img decoding=\"async\" src=\"https:\/\/www.ludwig-thoma-musikanten.de\/ltm\/wp-content\/uploads\/2017\/06\/Widmann.jpg\" alt=\"\" \/><img decoding=\"async\" src=\"https:\/\/www.ludwig-thoma-musikanten.de\/ltm\/wp-content\/uploads\/2017\/06\/Widmann.jpg\" alt=\"\" \/><\/a><\/div><div class=\"item\"><a href=\"http:\/\/www.gasthaus-3rosen.de\/\"><img decoding=\"async\" src=\"https:\/\/www.ludwig-thoma-musikanten.de\/ltm\/wp-content\/uploads\/2017\/06\/3Rosen.jpg\" alt=\"\" \/><img decoding=\"async\" src=\"https:\/\/www.ludwig-thoma-musikanten.de\/ltm\/wp-content\/uploads\/2017\/06\/3Rosen.jpg\" alt=\"\" \/><\/a><\/div><div class=\"item\"><a href=\"http:\/\/www.protutti.com\/firmen\/Weitere\/Hotel-Fischer\/de\/1-restaurant.php\"><img decoding=\"async\" src=\"https:\/\/www.ludwig-thoma-musikanten.de\/ltm\/wp-content\/uploads\/2017\/06\/Fischer.jpg\" alt=\"\" \/><img decoding=\"async\" src=\"https:\/\/www.ludwig-thoma-musikanten.de\/ltm\/wp-content\/uploads\/2017\/06\/Fischer.jpg\" alt=\"\" \/><\/a><\/div><div class=\"item\"><a href=\"http:\/\/www.hotel-gasthof-gross.de\/\"><img decoding=\"async\" src=\"https:\/\/www.ludwig-thoma-musikanten.de\/ltm\/wp-content\/uploads\/2017\/06\/GasthofGross.jpg\" alt=\"\" \/><img decoding=\"async\" src=\"https:\/\/www.ludwig-thoma-musikanten.de\/ltm\/wp-content\/uploads\/2017\/06\/GasthofGross.jpg\" alt=\"\" \/><\/a><\/div><div class=\"item\"><a href=\"https:\/\/www.hacker-pschorr.com\/\"><img decoding=\"async\" src=\"https:\/\/www.ludwig-thoma-musikanten.de\/ltm\/wp-content\/uploads\/2017\/06\/Hacker.jpg\" alt=\"\" \/><img decoding=\"async\" src=\"https:\/\/www.ludwig-thoma-musikanten.de\/ltm\/wp-content\/uploads\/2017\/06\/Hacker.jpg\" alt=\"\" \/><\/a><\/div><div class=\"item\"><a href=\"https:\/\/www.die-egerlaender.de\/\"><img decoding=\"async\" src=\"https:\/\/www.ludwig-thoma-musikanten.de\/ltm\/wp-content\/uploads\/2017\/06\/Egerlaender.jpg\" alt=\"\" \/><img decoding=\"async\" src=\"https:\/\/www.ludwig-thoma-musikanten.de\/ltm\/wp-content\/uploads\/2017\/06\/Egerlaender.jpg\" alt=\"\" \/><\/a><\/div><div class=\"item\"><a href=\"http:\/\/www.trachten-poellmann.de\/Gruss_Gott\/Wir_uber_uns\/wir_uber_uns.html\"><img decoding=\"async\" src=\"https:\/\/www.ludwig-thoma-musikanten.de\/ltm\/wp-content\/uploads\/2017\/06\/Poellmann.jpg\" alt=\"\" \/><img decoding=\"async\" src=\"https:\/\/www.ludwig-thoma-musikanten.de\/ltm\/wp-content\/uploads\/2017\/06\/Poellmann.jpg\" alt=\"\" \/><\/a><\/div><\/div><\/div><\/div><\/div> <\/div><\/p>\t\t\t\t\t\t\t\t<\/div>\n\t\t\t\t<\/div>\n\t\t\t\t<\/div>\n\t\t","protected":false},"excerpt":{"rendered":"","protected":false},"author":1,"featured_media":0,"parent":0,"menu_order":0,"comment_status":"closed","ping_status":"closed","template":"","meta":{"footnotes":""},"class_list":["post-5","page","type-page","status-publish","hentry"],"_links":{"self":[{"href":"https:\/\/www.ludwig-thoma-musikanten.de\/index.php\/wp-json\/wp\/v2\/pages\/5","targetHints":{"allow":["GET"]}}],"collection":[{"href":"https:\/\/www.ludwig-thoma-musikanten.de\/index.php\/wp-json\/wp\/v2\/pages"}],"about":[{"href":"https:\/\/www.ludwig-thoma-musikanten.de\/index.php\/wp-json\/wp\/v2\/types\/page"}],"author":[{"embeddable":true,"href":"https:\/\/www.ludwig-thoma-musikanten.de\/index.php\/wp-json\/wp\/v2\/users\/1"}],"replies":[{"embeddable":true,"href":"https:\/\/www.ludwig-thoma-musikanten.de\/index.php\/wp-json\/wp\/v2\/comments?post=5"}],"version-history":[{"count":27,"href":"https:\/\/www.ludwig-thoma-musikanten.de\/index.php\/wp-json\/wp\/v2\/pages\/5\/revisions"}],"predecessor-version":[{"id":2646,"href":"https:\/\/www.ludwig-thoma-musikanten.de\/index.php\/wp-json\/wp\/v2\/pages\/5\/revisions\/2646"}],"wp:attachment":[{"href":"https:\/\/www.ludwig-thoma-musikanten.de\/index.php\/wp-json\/wp\/v2\/media?parent=5"}],"curies":[{"name":"wp","href":"https:\/\/api.w.org\/{rel}","templated":true}]}}