{"id":436,"date":"2017-07-10T15:43:41","date_gmt":"2017-07-10T13:43:41","guid":{"rendered":"http:\/\/www.ludwig-thoma-musikanten.de\/ltm\/?page_id=436"},"modified":"2021-08-26T11:20:02","modified_gmt":"2021-08-26T09:20:02","slug":"shop","status":"publish","type":"page","link":"https:\/\/www.ludwig-thoma-musikanten.de\/index.php\/shop\/","title":{"rendered":"Shop"},"content":{"rendered":"<p style=\"text-align: right;\"><img fetchpriority=\"high\" decoding=\"async\" class=\"aligncenter wp-image-440 size-full\" src=\"https:\/\/www.ludwig-thoma-musikanten.de\/ltm\/wp-content\/uploads\/2017\/07\/CD_Praesentation.png\" alt=\"\" width=\"650\" height=\"330\" srcset=\"https:\/\/www.ludwig-thoma-musikanten.de\/ltm\/wp-content\/uploads\/2017\/07\/CD_Praesentation.png 650w, https:\/\/www.ludwig-thoma-musikanten.de\/ltm\/wp-content\/uploads\/2017\/07\/CD_Praesentation-300x152.png 300w, https:\/\/www.ludwig-thoma-musikanten.de\/ltm\/wp-content\/uploads\/2017\/07\/CD_Praesentation-500x254.png 500w\" sizes=\"(max-width: 650px) 100vw, 650px\" \/><\/p>\n<p><strong>Hinweis:<\/strong> Unsere aktuelle CD ist derzeit vergriffen, wird aber neu aufgelegt.<\/p>\n<p>Zwei neue CD\u00b4s sind derzeit in Bearbeitung und werden demn\u00e4chst erscheinen. <a href=\"https:\/\/www.ludwig-thoma-musikanten.de\/index.php\/hoerproben\/\">H\u00f6rproben gibt es hier<\/a>.<br \/>Als Trostpflaster k\u00f6nnen wir Ihnen jedoch unseren DEMO-Stick zusenden.<br \/>Bestellen Sie bequem per PayPal \u2013 es fallen lediglich die Kosten des Versandes (national 1,55 \u20ac \/ international 3,70 \u20ac) an.<\/p>\n\n\n<div class=\"wp-block-columns is-layout-flex wp-container-core-columns-is-layout-9d6595d7 wp-block-columns-is-layout-flex\">\n<div class=\"wp-block-column is-layout-flow wp-block-column-is-layout-flow\">\n<p>Klicken Sie hier f\u00fcr Versand<strong> innerhalb Deutschlands<\/strong><div class=\"wpsc_product\"><div class=\"wp_cart_button_wrapper\"><form method=\"post\" class=\"wp-cart-button-form\" action=\"\" style=\"display:inline\" onsubmit=\"return ReadForm(this, true);\" ><input type=\"hidden\" id=\"_wpnonce\" name=\"_wpnonce\" value=\"b278562c01\" \/><input type=\"hidden\" name=\"_wp_http_referer\" value=\"\/index.php\/wp-json\/wp\/v2\/pages\/436\" \/><input type=\"submit\" class=\"wspsc_add_cart_submit\" name=\"wspsc_add_cart_submit\" value=\"Zum Warenkorb hinzuf\u00fcgen\" \/><input type=\"hidden\" name=\"wspsc_product\" value=\"Stick - F\u00fcr jeden etwas DE\" \/><input type=\"hidden\" name=\"price\" value=\"1.55\" \/><input type=\"hidden\" name=\"shipping\" value=\"0\" \/><input type=\"hidden\" name=\"addcart\" value=\"1\" \/><input type=\"hidden\" name=\"cartLink\" value=\"https:\/\/www.ludwig-thoma-musikanten.de\/wp-json\/wp\/v2\/pages\/436\" \/><input type=\"hidden\" name=\"product_tmp\" value=\"Stick - F\u00fcr jeden etwas DE\" \/><input type=\"hidden\" name=\"product_tmp_two\" value=\"Stick - F&uuml;r jeden etwas DE\" \/><input type=\"hidden\" name=\"item_number\" value=\"\" \/><div class=\"wpsc_add_cart_response_div\"><\/div><\/form><\/div><\/div>\n<\/div>\n\n\n\n<div class=\"wp-block-column is-layout-flow wp-block-column-is-layout-flow\">\n<p>oder Versand <strong>international<\/strong><div class=\"wpsc_product\"><div class=\"wp_cart_button_wrapper\"><form method=\"post\" class=\"wp-cart-button-form\" action=\"\" style=\"display:inline\" onsubmit=\"return ReadForm(this, true);\" ><input type=\"hidden\" id=\"_wpnonce\" name=\"_wpnonce\" value=\"b278562c01\" \/><input type=\"hidden\" name=\"_wp_http_referer\" value=\"\/index.php\/wp-json\/wp\/v2\/pages\/436\" \/><input type=\"submit\" class=\"wspsc_add_cart_submit\" name=\"wspsc_add_cart_submit\" value=\"Zum Warenkorb hinzuf\u00fcgen\" \/><input type=\"hidden\" name=\"wspsc_product\" value=\"Stick - F\u00fcr jeden etwas INT\" \/><input type=\"hidden\" name=\"price\" value=\"3.70\" \/><input type=\"hidden\" name=\"shipping\" value=\"0\" \/><input type=\"hidden\" name=\"addcart\" value=\"1\" \/><input type=\"hidden\" name=\"cartLink\" value=\"https:\/\/www.ludwig-thoma-musikanten.de\/wp-json\/wp\/v2\/pages\/436\" \/><input type=\"hidden\" name=\"product_tmp\" value=\"Stick - F\u00fcr jeden etwas INT\" \/><input type=\"hidden\" name=\"product_tmp_two\" value=\"Stick - F&uuml;r jeden etwas INT\" \/><input type=\"hidden\" name=\"item_number\" value=\"\" \/><div class=\"wpsc_add_cart_response_div\"><\/div><\/form><\/div><\/div>\n<\/div>\n<\/div>\n\n\n\n<div class=\"wp-block-columns is-layout-flex wp-container-core-columns-is-layout-9d6595d7 wp-block-columns-is-layout-flex\">\n<div class=\"wp-block-column is-layout-flow wp-block-column-is-layout-flow\">\n<div class=\"wpsc_shopping_cart_container\"><\/div>\n<\/div>\n<\/div>\n","protected":false},"excerpt":{"rendered":"<p>Hinweis: Unsere aktuelle CD ist derzeit vergriffen, wird aber neu aufgelegt. Zwei neue CD\u00b4s sind derzeit in Bearbeitung und werden demn\u00e4chst erscheinen. H\u00f6rproben gibt es hier.Als Trostpflaster k\u00f6nnen wir Ihnen jedoch unseren DEMO-Stick zusenden.Bestellen Sie bequem per PayPal \u2013 es fallen lediglich die Kosten des Versandes (national 1,55 \u20ac \/ international 3,70 \u20ac) an. Klicken&hellip; <\/p>\n","protected":false},"author":1,"featured_media":0,"parent":0,"menu_order":0,"comment_status":"closed","ping_status":"closed","template":"","meta":{"footnotes":""},"class_list":["post-436","page","type-page","status-publish","hentry"],"_links":{"self":[{"href":"https:\/\/www.ludwig-thoma-musikanten.de\/index.php\/wp-json\/wp\/v2\/pages\/436","targetHints":{"allow":["GET"]}}],"collection":[{"href":"https:\/\/www.ludwig-thoma-musikanten.de\/index.php\/wp-json\/wp\/v2\/pages"}],"about":[{"href":"https:\/\/www.ludwig-thoma-musikanten.de\/index.php\/wp-json\/wp\/v2\/types\/page"}],"author":[{"embeddable":true,"href":"https:\/\/www.ludwig-thoma-musikanten.de\/index.php\/wp-json\/wp\/v2\/users\/1"}],"replies":[{"embeddable":true,"href":"https:\/\/www.ludwig-thoma-musikanten.de\/index.php\/wp-json\/wp\/v2\/comments?post=436"}],"version-history":[{"count":23,"href":"https:\/\/www.ludwig-thoma-musikanten.de\/index.php\/wp-json\/wp\/v2\/pages\/436\/revisions"}],"predecessor-version":[{"id":2043,"href":"https:\/\/www.ludwig-thoma-musikanten.de\/index.php\/wp-json\/wp\/v2\/pages\/436\/revisions\/2043"}],"wp:attachment":[{"href":"https:\/\/www.ludwig-thoma-musikanten.de\/index.php\/wp-json\/wp\/v2\/media?parent=436"}],"curies":[{"name":"wp","href":"https:\/\/api.w.org\/{rel}","templated":true}]}}