{"id":378,"date":"2017-06-08T12:31:14","date_gmt":"2017-06-08T10:31:14","guid":{"rendered":"http:\/\/www.ludwig-thoma-musikanten.de\/ltm\/?page_id=378"},"modified":"2017-06-08T15:06:36","modified_gmt":"2017-06-08T13:06:36","slug":"presseartikel","status":"publish","type":"page","link":"https:\/\/www.ludwig-thoma-musikanten.de\/index.php\/presseartikel\/","title":{"rendered":"Presseartikel"},"content":{"rendered":"<div class=\"su-row\">\n<div class=\"su-column su-column-size-1-2\"><div class=\"su-column-inner su-u-clearfix su-u-trim\">\n<h5>2016<\/h5>\n<h6>09.08.2016 Rainer Hernek &#8222;In Dachau f\u00fchlen wir uns zu Hause&#8220;<\/h6>\n<div class=\"su-document su-u-responsive-media-yes\"><iframe src=\"\/\/docs.google.com\/viewer?embedded=true&url=https:\/\/www.ludwig-thoma-musikanten.de\/ltm\/wp-content\/uploads\/2017\/06\/LTM_Dachau.pdf\" width=\"1000\" height=\"1600\" class=\"su-document\" title=\"\"><\/iframe><\/div>\n<div class=\"su-spacer\" style=\"height:10px\"><\/div>\n<h6>09.08.2016 M\u00fcnchner Merkur <i>&#8222;Das ist die Br\u00e4urosl&#8220;<\/i><\/h6>\n<div class=\"su-document su-u-responsive-media-yes\"><iframe src=\"\/\/docs.google.com\/viewer?embedded=true&url=https:\/\/www.ludwig-thoma-musikanten.de\/ltm\/wp-content\/uploads\/2017\/06\/Das-ist-die-Br\u00e4urosl.pdf\" width=\"1000\" height=\"1600\" class=\"su-document\" title=\"\"><\/iframe><\/div>\n<p>&nbsp;<\/p>\n<\/div><\/div>\n<div class=\"su-column su-column-size-1-2\"><div class=\"su-column-inner su-u-clearfix su-u-trim\">\n<h5>2015<\/h5>\n<h6>28.02.2015 TZ:\u00a0<i>&#8222;Ludwig-Thoma-Musikanten &#8211; Sie spuin im Stadl mit&#8220;<\/i><\/h6>\n<div class=\"su-document su-u-responsive-media-yes\"><iframe src=\"\/\/docs.google.com\/viewer?embedded=true&url=https:\/\/www.ludwig-thoma-musikanten.de\/ltm\/wp-content\/uploads\/2017\/06\/TZ-Artikel-vom-28.02.2015-LTM-Sie-spuin-im-Stadl-mit.pdf\" width=\"1000\" height=\"1600\" class=\"su-document\" title=\"\"><\/iframe><\/div>\n<div class=\"su-spacer\" style=\"height:10px\"><\/div>\n<h6>23.02.2015 SchlagerPlanet.com<\/h6>\n<div class=\"su-document su-u-responsive-media-yes\"><iframe src=\"\/\/docs.google.com\/viewer?embedded=true&url=https:\/\/www.ludwig-thoma-musikanten.de\/ltm\/wp-content\/uploads\/2017\/06\/Mit-den-Ludwig-Thoma-Musikanten-ist-der-Stadl-in-M\u00fcnchen-perfekt.pdf\" width=\"1000\" height=\"1600\" class=\"su-document\" title=\"\"><\/iframe><\/div>\n<div class=\"su-spacer\" style=\"height:10px\"><\/div>\n<h6>17.02.2015 Dachauer Nachrichten<\/h6>\n<div class=\"su-document su-u-responsive-media-yes\"><iframe src=\"\/\/docs.google.com\/viewer?embedded=true&url=https:\/\/www.ludwig-thoma-musikanten.de\/ltm\/wp-content\/uploads\/2017\/06\/Dachauer-Nachrichten-vom-17.02.2015.pdf\" width=\"1000\" height=\"1600\" class=\"su-document\" title=\"\"><\/iframe><\/div>\n<\/div><\/div>\n<\/div>\n<div class=\"su-row\">\n<div class=\"su-column su-column-size-1-2\"><div class=\"su-column-inner su-u-clearfix su-u-trim\">\n<h5>2014<\/h5>\n<h6>26.08.2014 Programm Barthelmarkt Oberstimm 2014<\/h6>\n<div class=\"su-document su-u-responsive-media-yes\"><iframe src=\"\/\/docs.google.com\/viewer?embedded=true&url=https:\/\/www.ludwig-thoma-musikanten.de\/ltm\/wp-content\/uploads\/2017\/06\/Herrnbr\u00e4ufesthalle-2014.pdf\" width=\"1000\" height=\"1600\" class=\"su-document\" title=\"\"><\/iframe><\/div>\n<div class=\"su-spacer\" style=\"height:10px\"><\/div>\n<h6>08.08.2014 Presseartikel Dachauer Nachrichten<\/h6>\n<div class=\"su-document su-u-responsive-media-yes\"><iframe src=\"\/\/docs.google.com\/viewer?embedded=true&url=https:\/\/www.ludwig-thoma-musikanten.de\/ltm\/wp-content\/uploads\/2017\/06\/Moosrainer-Flierl-1939.pdf\" width=\"1000\" height=\"1600\" class=\"su-document\" title=\"\"><\/iframe><\/div>\n<div class=\"su-spacer\" style=\"height:10px\"><\/div>\n<h6>27.07.2014 Presseartikel Mainpost<\/h6>\n<div class=\"su-document su-u-responsive-media-yes\"><iframe src=\"\/\/docs.google.com\/viewer?embedded=true&url=https:\/\/www.ludwig-thoma-musikanten.de\/ltm\/wp-content\/uploads\/2017\/06\/Mainpost-Spessartfestwoche-2014\u2028Festwoche-beginnt-mit-\u201egutem-Plus.pdf\" width=\"1000\" height=\"1600\" class=\"su-document\" title=\"\"><\/iframe><\/div>\n<div class=\"su-spacer\" style=\"height:10px\"><\/div>\n<h6>04.07.2014 Plakat Dachauer Volksfest<\/h6>\n<div class=\"su-document su-u-responsive-media-yes\"><iframe src=\"\/\/docs.google.com\/viewer?embedded=true&url=https:\/\/www.ludwig-thoma-musikanten.de\/ltm\/wp-content\/uploads\/2017\/06\/Plakat_dachau.pdf\" width=\"1000\" height=\"1600\" class=\"su-document\" title=\"\"><\/iframe><\/div>\n<\/div><\/div>\n<div class=\"su-column su-column-size-1-2\"><div class=\"su-column-inner su-u-clearfix su-u-trim\">\n<h5>2013<\/h5>\n<h6>23.12.2013 Presseartikel Dachauer Nachrichten<\/h6>\n<div class=\"su-document su-u-responsive-media-yes\"><iframe src=\"\/\/docs.google.com\/viewer?embedded=true&url=https:\/\/www.ludwig-thoma-musikanten.de\/ltm\/wp-content\/uploads\/2017\/06\/Dachauer-Nachrichten-Ausgabe-23.12.2013.pdf\" width=\"1000\" height=\"1600\" class=\"su-document\" title=\"\"><\/iframe><\/div>\n<div class=\"su-spacer\" style=\"height:10px\"><\/div>\n<h6>22.11.2013 Gru\u00df der original Egerl\u00e4nder Musikanten<\/h6>\n<div class=\"su-document su-u-responsive-media-yes\"><iframe src=\"\/\/docs.google.com\/viewer?embedded=true&url=https:\/\/www.ludwig-thoma-musikanten.de\/ltm\/wp-content\/uploads\/2017\/06\/IMG.pdf\" width=\"1000\" height=\"1600\" class=\"su-document\" title=\"\"><\/iframe><\/div>\n<div class=\"su-spacer\" style=\"height:10px\"><\/div>\n<h6>05.10.2013 PResseartikel Dachauer Nachrichten<\/h6>\n<div class=\"su-document su-u-responsive-media-yes\"><iframe src=\"\/\/docs.google.com\/viewer?embedded=true&url=https:\/\/www.ludwig-thoma-musikanten.de\/ltm\/wp-content\/uploads\/2017\/06\/Seelenverwandte-Kapellmeister.pdf\" width=\"1000\" height=\"1600\" class=\"su-document\" title=\"\"><\/iframe><\/div>\n<div class=\"su-spacer\" style=\"height:10px\"><\/div>\n<h6>17.06.2013 Presseartikel Badische Zeitung<\/h6>\n<div class=\"su-document su-u-responsive-media-yes\"><iframe src=\"\/\/docs.google.com\/viewer?embedded=true&url=https:\/\/www.ludwig-thoma-musikanten.de\/ltm\/wp-content\/uploads\/2017\/06\/\u00dcbersch\u00e4umende-wei\u00dfblaue-Freude.pdf\" width=\"1000\" height=\"1600\" class=\"su-document\" title=\"\"><\/iframe><\/div>\n<\/div><\/div> <\/div>\n","protected":false},"excerpt":{"rendered":"","protected":false},"author":1,"featured_media":0,"parent":0,"menu_order":0,"comment_status":"closed","ping_status":"closed","template":"","meta":{"footnotes":""},"class_list":["post-378","page","type-page","status-publish","hentry"],"_links":{"self":[{"href":"https:\/\/www.ludwig-thoma-musikanten.de\/index.php\/wp-json\/wp\/v2\/pages\/378","targetHints":{"allow":["GET"]}}],"collection":[{"href":"https:\/\/www.ludwig-thoma-musikanten.de\/index.php\/wp-json\/wp\/v2\/pages"}],"about":[{"href":"https:\/\/www.ludwig-thoma-musikanten.de\/index.php\/wp-json\/wp\/v2\/types\/page"}],"author":[{"embeddable":true,"href":"https:\/\/www.ludwig-thoma-musikanten.de\/index.php\/wp-json\/wp\/v2\/users\/1"}],"replies":[{"embeddable":true,"href":"https:\/\/www.ludwig-thoma-musikanten.de\/index.php\/wp-json\/wp\/v2\/comments?post=378"}],"version-history":[{"count":18,"href":"https:\/\/www.ludwig-thoma-musikanten.de\/index.php\/wp-json\/wp\/v2\/pages\/378\/revisions"}],"predecessor-version":[{"id":411,"href":"https:\/\/www.ludwig-thoma-musikanten.de\/index.php\/wp-json\/wp\/v2\/pages\/378\/revisions\/411"}],"wp:attachment":[{"href":"https:\/\/www.ludwig-thoma-musikanten.de\/index.php\/wp-json\/wp\/v2\/media?parent=378"}],"curies":[{"name":"wp","href":"https:\/\/api.w.org\/{rel}","templated":true}]}}