{"id":343,"date":"2017-06-08T11:39:12","date_gmt":"2017-06-08T09:39:12","guid":{"rendered":"http:\/\/www.ludwig-thoma-musikanten.de\/ltm\/?page_id=343"},"modified":"2025-04-26T12:11:15","modified_gmt":"2025-04-26T10:11:15","slug":"rainer-hernek","status":"publish","type":"page","link":"https:\/\/www.ludwig-thoma-musikanten.de\/index.php\/das-orchester\/rainer-hernek\/","title":{"rendered":"Rainer Hernek"},"content":{"rendered":"\t\t<div data-elementor-type=\"wp-page\" data-elementor-id=\"343\" class=\"elementor elementor-343\" data-elementor-post-type=\"page\">\n\t\t\t\t<div data-particle_enable=\"false\" data-particle-mobile-disabled=\"false\" class=\"elementor-element elementor-element-255a1812 e-flex e-con-boxed e-con e-parent\" data-id=\"255a1812\" data-element_type=\"container\" data-e-type=\"container\">\n\t\t\t\t\t<div class=\"e-con-inner\">\n\t\t\t\t<div class=\"elementor-element elementor-element-5a4b3f34 elementor-widget elementor-widget-text-editor\" data-id=\"5a4b3f34\" data-element_type=\"widget\" data-e-type=\"widget\" data-widget_type=\"text-editor.default\">\n\t\t\t\t\t\t\t\t\t<h2 id=\"herzlich-willkommen-bei-den-ludwig-thoma-musikante\" class=\"mb-2 mt-6 text-lg font-[500] first:mt-0\"><img fetchpriority=\"high\" decoding=\"async\" class=\"alignnone size-large wp-image-2757\" src=\"https:\/\/www.ludwig-thoma-musikanten.de\/ltm\/wp-content\/uploads\/2025\/04\/Rainer-Hernek-final-1-1024x682.jpg\" alt=\"\" width=\"790\" height=\"526\" srcset=\"https:\/\/www.ludwig-thoma-musikanten.de\/ltm\/wp-content\/uploads\/2025\/04\/Rainer-Hernek-final-1-1024x682.jpg 1024w, https:\/\/www.ludwig-thoma-musikanten.de\/ltm\/wp-content\/uploads\/2025\/04\/Rainer-Hernek-final-1-300x200.jpg 300w, https:\/\/www.ludwig-thoma-musikanten.de\/ltm\/wp-content\/uploads\/2025\/04\/Rainer-Hernek-final-1-768x511.jpg 768w, https:\/\/www.ludwig-thoma-musikanten.de\/ltm\/wp-content\/uploads\/2025\/04\/Rainer-Hernek-final-1.jpg 1280w\" sizes=\"(max-width: 790px) 100vw, 790px\" \/><\/h2>\n<h2 class=\"mb-2 mt-6 text-lg font-[500] first:mt-0\">Herzlich Willkommen bei den Ludwig Thoma Musikanten<\/h2>\n<p class=\"my-0\"><strong>Ein neues Kapitel beginnt<\/strong><\/p>\n<p class=\"my-0\">Nach vielen erf\u00fcllten und aktiven Jahren als Musiker und Leiter der Ludwig Thoma Musikanten habe ich, Rainer Hernek, mich aus gesundheitlichen Gr\u00fcnden aus dem aktiven Musikerleben zur\u00fcckgezogen. Es ist mir eine gro\u00dfe Freude und Ehre, die Leitung nun in die H\u00e4nde der jungen, hervorragend ausgebildeten Musiker Michael Hernek, Daniel Reisner und Thomas Hernek zu legen.<\/p>\n<p class=\"my-0\"><strong>Junge Musiker \u00fcbernehmen die Leitung<\/strong><\/p>\n<p class=\"my-0\">Mit frischem Elan und viel musikalischem K\u00f6nnen werden Michael, Daniel und Thomas die Tradition und den einzigartigen Klang der Ludwig Thoma Musikanten fortf\u00fchren. Ich bin \u00fcberzeugt, dass sie das musikalische Erbe mit Herz und Leidenschaft weitertragen und dabei auch neue Akzente setzen werden.<\/p>\n<p class=\"my-0\"><strong>Weiterhin mit Rat und Tat an der Seite<\/strong><\/p>\n<p class=\"my-0\">Das Management der Kapelle bleibt weiterhin in meinen H\u00e4nden. Selbstverst\u00e4ndlich stehe ich den neuen Leitern und dem gesamten Ensemble jederzeit mit Rat und Tat zur Verf\u00fcgung, wann immer ich gebraucht werde.<\/p>\n<p class=\"my-0\">Ich danke allen Musikern, Freunden und Unterst\u00fctzern f\u00fcr das langj\u00e4hrige Vertrauen und freue mich darauf, die Entwicklung der Ludwig Thoma Musikanten weiterhin begleiten zu d\u00fcrfen.<\/p>\n<p>\u00a0<\/p>\n<p class=\"my-0\">Herzlichst,<br \/>Rainer Hernek<\/p>\n<p><\/p>\n<p><\/p>\t\t\t\t\t\t\t\t<\/div>\n\t\t\t\t\t<\/div>\n\t\t\t\t<\/div>\n\t\t\t\t<\/div>\n\t\t","protected":false},"excerpt":{"rendered":"<p>Herzlich Willkommen bei den Ludwig Thoma Musikanten Ein neues Kapitel beginnt Nach vielen erf\u00fcllten und aktiven Jahren als Musiker und Leiter der Ludwig Thoma Musikanten habe ich, Rainer Hernek, mich aus gesundheitlichen Gr\u00fcnden aus dem aktiven Musikerleben zur\u00fcckgezogen. Es ist mir eine gro\u00dfe Freude und Ehre, die Leitung nun in die H\u00e4nde der jungen, hervorragend&hellip; <\/p>\n","protected":false},"author":1,"featured_media":0,"parent":67,"menu_order":0,"comment_status":"closed","ping_status":"closed","template":"","meta":{"footnotes":""},"class_list":["post-343","page","type-page","status-publish","hentry"],"_links":{"self":[{"href":"https:\/\/www.ludwig-thoma-musikanten.de\/index.php\/wp-json\/wp\/v2\/pages\/343","targetHints":{"allow":["GET"]}}],"collection":[{"href":"https:\/\/www.ludwig-thoma-musikanten.de\/index.php\/wp-json\/wp\/v2\/pages"}],"about":[{"href":"https:\/\/www.ludwig-thoma-musikanten.de\/index.php\/wp-json\/wp\/v2\/types\/page"}],"author":[{"embeddable":true,"href":"https:\/\/www.ludwig-thoma-musikanten.de\/index.php\/wp-json\/wp\/v2\/users\/1"}],"replies":[{"embeddable":true,"href":"https:\/\/www.ludwig-thoma-musikanten.de\/index.php\/wp-json\/wp\/v2\/comments?post=343"}],"version-history":[{"count":22,"href":"https:\/\/www.ludwig-thoma-musikanten.de\/index.php\/wp-json\/wp\/v2\/pages\/343\/revisions"}],"predecessor-version":[{"id":2760,"href":"https:\/\/www.ludwig-thoma-musikanten.de\/index.php\/wp-json\/wp\/v2\/pages\/343\/revisions\/2760"}],"up":[{"embeddable":true,"href":"https:\/\/www.ludwig-thoma-musikanten.de\/index.php\/wp-json\/wp\/v2\/pages\/67"}],"wp:attachment":[{"href":"https:\/\/www.ludwig-thoma-musikanten.de\/index.php\/wp-json\/wp\/v2\/media?parent=343"}],"curies":[{"name":"wp","href":"https:\/\/api.w.org\/{rel}","templated":true}]}}